{"id":1191,"date":"2021-08-04T22:00:48","date_gmt":"2021-08-04T15:00:48","guid":{"rendered":"https:\/\/vygallery.com\/?post_type=product&#038;p=1191"},"modified":"2023-10-17T12:07:48","modified_gmt":"2023-10-17T05:07:48","slug":"nguyen-van-hai-2","status":"publish","type":"product","link":"https:\/\/vygallery.com\/en\/san-pham\/nguyen-van-hai-2\/","title":{"rendered":"The bride"},"content":{"rendered":"","protected":false},"excerpt":{"rendered":"<p style=\"text-align: justify;\"><b>Stored | Display <\/b>&#8211; VY GALLERY<\/p>\n<p>Lacquer on wood<\/p>\n<p style=\"text-align: justify;\">100cm x 120cm<!--more--><\/p>\n<p>Nguy\u1ec5n V\u0103n H\u1ea3i is a prominent young artist of traditional lacquer paintings and graduated from Vietnam University of Fine Arts in 1992. He later became an apprentice of lacquer painters \u0110\u1ed7 Xu\u00e2n Do\u00e3n and L\u00ea Ng\u1ecdc Linh. Nguy\u1ec5n V\u0103n H\u1ea3i inherited lacquer techniques from his teachers, and at the same time, he developed his colors and styles. His realism direction with a slightly modern style seems to enhance lacquer paintings&#8217; lyrical and noble substance. We also see a discreet Asian classic through the artist&#8217;s careful appearance of color layering. The nostalgic feelings in black and white landscape lotus pond and Ho\u00e0n Ki\u1ebfm lake will be felt at first sight in the work.<!--more--><\/p>\n<p><a href=\"https:\/\/vygallery.com\/en\/contact\/\" target=\"_blank\" rel=\"noopener\"><strong>INQUIRE<\/strong><\/a><\/p>\n","protected":false},"featured_media":3853,"comment_status":"open","ping_status":"closed","template":"","meta":[],"product_cat":[86,56],"product_tag":[81],"yoast_head":"<!-- This site is optimized with the Yoast SEO plugin v19.10 - https:\/\/yoast.com\/wordpress\/plugins\/seo\/ -->\n<title>The bride - VY GALLERY<\/title>\n<meta name=\"robots\" content=\"index, follow, max-snippet:-1, max-image-preview:large, max-video-preview:-1\" \/>\n<link rel=\"canonical\" href=\"https:\/\/vygallery.com\/en\/san-pham\/nguyen-van-hai-2\/\" \/>\n<meta property=\"og:locale\" content=\"en_US\" \/>\n<meta property=\"og:type\" content=\"article\" \/>\n<meta property=\"og:title\" content=\"The bride - VY GALLERY\" \/>\n<meta property=\"og:description\" content=\"Stored | Display - VY GALLERY Lacquer on wood 100cm x 120cm Nguy\u1ec5n V\u0103n H\u1ea3i is a prominent young artist of traditional lacquer paintings and graduated from Vietnam University of Fine Arts in 1992. He later became an apprentice of lacquer painters \u0110\u1ed7 Xu\u00e2n Do\u00e3n and L\u00ea Ng\u1ecdc Linh. Nguy\u1ec5n V\u0103n H\u1ea3i inherited lacquer techniques from his teachers, and at the same time, he developed his colors and styles. His realism direction with a slightly modern style seems to enhance lacquer paintings&#039; lyrical and noble substance. We also see a discreet Asian classic through the artist&#039;s careful appearance of color layering. The nostalgic feelings in black and white landscape lotus pond and Ho\u00e0n Ki\u1ebfm lake will be felt at first sight in the work.  INQUIRE\" \/>\n<meta property=\"og:url\" content=\"https:\/\/vygallery.com\/en\/san-pham\/nguyen-van-hai-2\/\" \/>\n<meta property=\"og:site_name\" content=\"VY GALLERY\" \/>\n<meta property=\"article:modified_time\" content=\"2023-10-17T05:07:48+00:00\" \/>\n<meta property=\"og:image\" content=\"https:\/\/vygallery.com\/wp-content\/uploads\/2020\/10\/nguyenvanhai.2017.004-Copy.jpg\" \/>\n\t<meta property=\"og:image:width\" content=\"1186\" \/>\n\t<meta property=\"og:image:height\" content=\"1440\" \/>\n\t<meta property=\"og:image:type\" content=\"image\/jpeg\" \/>\n<meta name=\"twitter:card\" content=\"summary_large_image\" \/>\n<script type=\"application\/ld+json\" class=\"yoast-schema-graph\">{\"@context\":\"https:\/\/schema.org\",\"@graph\":[{\"@type\":\"WebPage\",\"@id\":\"https:\/\/vygallery.com\/en\/san-pham\/nguyen-van-hai-2\/\",\"url\":\"https:\/\/vygallery.com\/en\/san-pham\/nguyen-van-hai-2\/\",\"name\":\"The bride - VY GALLERY\",\"isPartOf\":{\"@id\":\"https:\/\/vygallery.com\/#website\"},\"datePublished\":\"2021-08-04T15:00:48+00:00\",\"dateModified\":\"2023-10-17T05:07:48+00:00\",\"breadcrumb\":{\"@id\":\"https:\/\/vygallery.com\/en\/san-pham\/nguyen-van-hai-2\/#breadcrumb\"},\"inLanguage\":\"en-US\",\"potentialAction\":[{\"@type\":\"ReadAction\",\"target\":[\"https:\/\/vygallery.com\/en\/san-pham\/nguyen-van-hai-2\/\"]}]},{\"@type\":\"BreadcrumbList\",\"@id\":\"https:\/\/vygallery.com\/en\/san-pham\/nguyen-van-hai-2\/#breadcrumb\",\"itemListElement\":[{\"@type\":\"ListItem\",\"position\":1,\"name\":\"Trang ch\u1ee7\",\"item\":\"https:\/\/vygallery.com\/en\/\"},{\"@type\":\"ListItem\",\"position\":2,\"name\":\"C\u1eeda h\u00e0ng\",\"item\":\"https:\/\/vygallery.com\/cua-hang\/\"},{\"@type\":\"ListItem\",\"position\":3,\"name\":\"The bride\"}]},{\"@type\":\"WebSite\",\"@id\":\"https:\/\/vygallery.com\/#website\",\"url\":\"https:\/\/vygallery.com\/\",\"name\":\"VY GALLERY\",\"description\":\"\",\"publisher\":{\"@id\":\"https:\/\/vygallery.com\/#organization\"},\"potentialAction\":[{\"@type\":\"SearchAction\",\"target\":{\"@type\":\"EntryPoint\",\"urlTemplate\":\"https:\/\/vygallery.com\/?s={search_term_string}\"},\"query-input\":\"required name=search_term_string\"}],\"inLanguage\":\"en-US\"},{\"@type\":\"Organization\",\"@id\":\"https:\/\/vygallery.com\/#organization\",\"name\":\"VY GALLERY\",\"url\":\"https:\/\/vygallery.com\/\",\"logo\":{\"@type\":\"ImageObject\",\"inLanguage\":\"en-US\",\"@id\":\"https:\/\/vygallery.com\/#\/schema\/logo\/image\/\",\"url\":\"https:\/\/vygallery.com\/wp-content\/uploads\/2020\/10\/VY-05.png\",\"contentUrl\":\"https:\/\/vygallery.com\/wp-content\/uploads\/2020\/10\/VY-05.png\",\"width\":6742,\"height\":730,\"caption\":\"VY GALLERY\"},\"image\":{\"@id\":\"https:\/\/vygallery.com\/#\/schema\/logo\/image\/\"}}]}<\/script>\n<!-- \/ Yoast SEO plugin. -->","yoast_head_json":{"title":"The bride - VY GALLERY","robots":{"index":"index","follow":"follow","max-snippet":"max-snippet:-1","max-image-preview":"max-image-preview:large","max-video-preview":"max-video-preview:-1"},"canonical":"https:\/\/vygallery.com\/en\/san-pham\/nguyen-van-hai-2\/","og_locale":"en_US","og_type":"article","og_title":"The bride - VY GALLERY","og_description":"Stored | Display - VY GALLERY Lacquer on wood 100cm x 120cm Nguy\u1ec5n V\u0103n H\u1ea3i is a prominent young artist of traditional lacquer paintings and graduated from Vietnam University of Fine Arts in 1992. He later became an apprentice of lacquer painters \u0110\u1ed7 Xu\u00e2n Do\u00e3n and L\u00ea Ng\u1ecdc Linh. Nguy\u1ec5n V\u0103n H\u1ea3i inherited lacquer techniques from his teachers, and at the same time, he developed his colors and styles. His realism direction with a slightly modern style seems to enhance lacquer paintings' lyrical and noble substance. We also see a discreet Asian classic through the artist's careful appearance of color layering. The nostalgic feelings in black and white landscape lotus pond and Ho\u00e0n Ki\u1ebfm lake will be felt at first sight in the work.  INQUIRE","og_url":"https:\/\/vygallery.com\/en\/san-pham\/nguyen-van-hai-2\/","og_site_name":"VY GALLERY","article_modified_time":"2023-10-17T05:07:48+00:00","og_image":[{"width":1186,"height":1440,"url":"https:\/\/vygallery.com\/wp-content\/uploads\/2020\/10\/nguyenvanhai.2017.004-Copy.jpg","type":"image\/jpeg"}],"twitter_card":"summary_large_image","schema":{"@context":"https:\/\/schema.org","@graph":[{"@type":"WebPage","@id":"https:\/\/vygallery.com\/en\/san-pham\/nguyen-van-hai-2\/","url":"https:\/\/vygallery.com\/en\/san-pham\/nguyen-van-hai-2\/","name":"The bride - VY GALLERY","isPartOf":{"@id":"https:\/\/vygallery.com\/#website"},"datePublished":"2021-08-04T15:00:48+00:00","dateModified":"2023-10-17T05:07:48+00:00","breadcrumb":{"@id":"https:\/\/vygallery.com\/en\/san-pham\/nguyen-van-hai-2\/#breadcrumb"},"inLanguage":"en-US","potentialAction":[{"@type":"ReadAction","target":["https:\/\/vygallery.com\/en\/san-pham\/nguyen-van-hai-2\/"]}]},{"@type":"BreadcrumbList","@id":"https:\/\/vygallery.com\/en\/san-pham\/nguyen-van-hai-2\/#breadcrumb","itemListElement":[{"@type":"ListItem","position":1,"name":"Trang ch\u1ee7","item":"https:\/\/vygallery.com\/en\/"},{"@type":"ListItem","position":2,"name":"C\u1eeda h\u00e0ng","item":"https:\/\/vygallery.com\/cua-hang\/"},{"@type":"ListItem","position":3,"name":"The bride"}]},{"@type":"WebSite","@id":"https:\/\/vygallery.com\/#website","url":"https:\/\/vygallery.com\/","name":"VY GALLERY","description":"","publisher":{"@id":"https:\/\/vygallery.com\/#organization"},"potentialAction":[{"@type":"SearchAction","target":{"@type":"EntryPoint","urlTemplate":"https:\/\/vygallery.com\/?s={search_term_string}"},"query-input":"required name=search_term_string"}],"inLanguage":"en-US"},{"@type":"Organization","@id":"https:\/\/vygallery.com\/#organization","name":"VY GALLERY","url":"https:\/\/vygallery.com\/","logo":{"@type":"ImageObject","inLanguage":"en-US","@id":"https:\/\/vygallery.com\/#\/schema\/logo\/image\/","url":"https:\/\/vygallery.com\/wp-content\/uploads\/2020\/10\/VY-05.png","contentUrl":"https:\/\/vygallery.com\/wp-content\/uploads\/2020\/10\/VY-05.png","width":6742,"height":730,"caption":"VY GALLERY"},"image":{"@id":"https:\/\/vygallery.com\/#\/schema\/logo\/image\/"}}]}},"_links":{"self":[{"href":"https:\/\/vygallery.com\/en\/wp-json\/wp\/v2\/product\/1191"}],"collection":[{"href":"https:\/\/vygallery.com\/en\/wp-json\/wp\/v2\/product"}],"about":[{"href":"https:\/\/vygallery.com\/en\/wp-json\/wp\/v2\/types\/product"}],"replies":[{"embeddable":true,"href":"https:\/\/vygallery.com\/en\/wp-json\/wp\/v2\/comments?post=1191"}],"wp:featuredmedia":[{"embeddable":true,"href":"https:\/\/vygallery.com\/en\/wp-json\/wp\/v2\/media\/3853"}],"wp:attachment":[{"href":"https:\/\/vygallery.com\/en\/wp-json\/wp\/v2\/media?parent=1191"}],"wp:term":[{"taxonomy":"product_cat","embeddable":true,"href":"https:\/\/vygallery.com\/en\/wp-json\/wp\/v2\/product_cat?post=1191"},{"taxonomy":"product_tag","embeddable":true,"href":"https:\/\/vygallery.com\/en\/wp-json\/wp\/v2\/product_tag?post=1191"}],"curies":[{"name":"wp","href":"https:\/\/api.w.org\/{rel}","templated":true}]}}