{"id":1204,"date":"2021-08-04T22:21:55","date_gmt":"2021-08-04T15:21:55","guid":{"rendered":"https:\/\/vygallery.com\/?post_type=product&#038;p=1204"},"modified":"2023-03-16T11:04:39","modified_gmt":"2023-03-16T04:04:39","slug":"nguyen-van-dong-2","status":"publish","type":"product","link":"https:\/\/vygallery.com\/en\/san-pham\/nguyen-van-dong-2\/","title":{"rendered":"Childhood"},"content":{"rendered":"","protected":false},"excerpt":{"rendered":"<p><b>Stored | Display <\/b>&#8211; VY GALLERY<\/p>\n<p>Oil on canvas<\/p>\n<p>120cm x 90cm<!--more--><\/p>\n<p>Nguy\u1ec5n V\u0103n \u0110\u00f4ng is known as a portrait and children painter. He has been quite successful in H\u00e0 N\u1ed9i despite only graduating from the University of Fine Arts for a few years.<\/p>\n<p>Choosing oil paint and real-life drawing, Nguy\u1ec5n V\u0103n \u0110\u00f4ng creates works that are highly appreciated. The colors in his paintings are harmonious, tender, close to Vietnamese life, towards the topic of poor workers in society. He depicted a peaceful corner at noon, a piece of a yard the children playing in, or the waiting by the sprawling land under the thunderstorm. He reveals the quiet innocence of the children in an excellent composition. Watching Nguy\u1ec5n V\u0103n \u0110\u00f4ng&#8217;s paintings, we cannot avoid the feeling of love and empathy. This partly makes the viewer remember an artist who has his unique path.<!--more--><\/p>\n<p><a href=\"https:\/\/vygallery.com\/en\/contact\/\" target=\"_blank\" rel=\"noopener\"><strong>INQUIRE<\/strong><\/a><\/p>\n","protected":false},"featured_media":347,"comment_status":"open","ping_status":"closed","template":"","meta":[],"product_cat":[86,56],"product_tag":[81],"yoast_head":"<!-- This site is optimized with the Yoast SEO plugin v19.10 - https:\/\/yoast.com\/wordpress\/plugins\/seo\/ -->\n<title>Childhood - VY GALLERY<\/title>\n<meta name=\"robots\" content=\"index, follow, max-snippet:-1, max-image-preview:large, max-video-preview:-1\" \/>\n<link rel=\"canonical\" href=\"https:\/\/vygallery.com\/en\/san-pham\/nguyen-van-dong-2\/\" \/>\n<meta property=\"og:locale\" content=\"en_US\" \/>\n<meta property=\"og:type\" content=\"article\" \/>\n<meta property=\"og:title\" content=\"Childhood - VY GALLERY\" \/>\n<meta property=\"og:description\" content=\"Stored | Display - VY GALLERY  Oil on canvas  120cm x 90cm  Nguy\u1ec5n V\u0103n \u0110\u00f4ng is known as a portrait and children painter. He has been quite successful in H\u00e0 N\u1ed9i despite only graduating from the University of Fine Arts for a few years.  Choosing oil paint and real-life drawing, Nguy\u1ec5n V\u0103n \u0110\u00f4ng creates works that are highly appreciated. The colors in his paintings are harmonious, tender, close to Vietnamese life, towards the topic of poor workers in society. He depicted a peaceful corner at noon, a piece of a yard the children playing in, or the waiting by the sprawling land under the thunderstorm. He reveals the quiet innocence of the children in an excellent composition. Watching Nguy\u1ec5n V\u0103n \u0110\u00f4ng&#039;s paintings, we cannot avoid the feeling of love and empathy. This partly makes the viewer remember an artist who has his unique path.  INQUIRE\" \/>\n<meta property=\"og:url\" content=\"https:\/\/vygallery.com\/en\/san-pham\/nguyen-van-dong-2\/\" \/>\n<meta property=\"og:site_name\" content=\"VY GALLERY\" \/>\n<meta property=\"article:modified_time\" content=\"2023-03-16T04:04:39+00:00\" \/>\n<meta property=\"og:image\" content=\"https:\/\/vygallery.com\/wp-content\/uploads\/2020\/10\/nguyenvandong-2016.005-scaled.jpg\" \/>\n\t<meta property=\"og:image:width\" content=\"2560\" \/>\n\t<meta property=\"og:image:height\" content=\"1930\" \/>\n\t<meta property=\"og:image:type\" content=\"image\/jpeg\" \/>\n<meta name=\"twitter:card\" content=\"summary_large_image\" \/>\n<script type=\"application\/ld+json\" class=\"yoast-schema-graph\">{\"@context\":\"https:\/\/schema.org\",\"@graph\":[{\"@type\":\"WebPage\",\"@id\":\"https:\/\/vygallery.com\/en\/san-pham\/nguyen-van-dong-2\/\",\"url\":\"https:\/\/vygallery.com\/en\/san-pham\/nguyen-van-dong-2\/\",\"name\":\"Childhood - VY GALLERY\",\"isPartOf\":{\"@id\":\"https:\/\/vygallery.com\/#website\"},\"datePublished\":\"2021-08-04T15:21:55+00:00\",\"dateModified\":\"2023-03-16T04:04:39+00:00\",\"breadcrumb\":{\"@id\":\"https:\/\/vygallery.com\/en\/san-pham\/nguyen-van-dong-2\/#breadcrumb\"},\"inLanguage\":\"en-US\",\"potentialAction\":[{\"@type\":\"ReadAction\",\"target\":[\"https:\/\/vygallery.com\/en\/san-pham\/nguyen-van-dong-2\/\"]}]},{\"@type\":\"BreadcrumbList\",\"@id\":\"https:\/\/vygallery.com\/en\/san-pham\/nguyen-van-dong-2\/#breadcrumb\",\"itemListElement\":[{\"@type\":\"ListItem\",\"position\":1,\"name\":\"Trang ch\u1ee7\",\"item\":\"https:\/\/vygallery.com\/en\/\"},{\"@type\":\"ListItem\",\"position\":2,\"name\":\"C\u1eeda h\u00e0ng\",\"item\":\"https:\/\/vygallery.com\/cua-hang\/\"},{\"@type\":\"ListItem\",\"position\":3,\"name\":\"Childhood\"}]},{\"@type\":\"WebSite\",\"@id\":\"https:\/\/vygallery.com\/#website\",\"url\":\"https:\/\/vygallery.com\/\",\"name\":\"VY GALLERY\",\"description\":\"\",\"publisher\":{\"@id\":\"https:\/\/vygallery.com\/#organization\"},\"potentialAction\":[{\"@type\":\"SearchAction\",\"target\":{\"@type\":\"EntryPoint\",\"urlTemplate\":\"https:\/\/vygallery.com\/?s={search_term_string}\"},\"query-input\":\"required name=search_term_string\"}],\"inLanguage\":\"en-US\"},{\"@type\":\"Organization\",\"@id\":\"https:\/\/vygallery.com\/#organization\",\"name\":\"VY GALLERY\",\"url\":\"https:\/\/vygallery.com\/\",\"logo\":{\"@type\":\"ImageObject\",\"inLanguage\":\"en-US\",\"@id\":\"https:\/\/vygallery.com\/#\/schema\/logo\/image\/\",\"url\":\"https:\/\/vygallery.com\/wp-content\/uploads\/2020\/10\/VY-05.png\",\"contentUrl\":\"https:\/\/vygallery.com\/wp-content\/uploads\/2020\/10\/VY-05.png\",\"width\":6742,\"height\":730,\"caption\":\"VY GALLERY\"},\"image\":{\"@id\":\"https:\/\/vygallery.com\/#\/schema\/logo\/image\/\"}}]}<\/script>\n<!-- \/ Yoast SEO plugin. -->","yoast_head_json":{"title":"Childhood - VY GALLERY","robots":{"index":"index","follow":"follow","max-snippet":"max-snippet:-1","max-image-preview":"max-image-preview:large","max-video-preview":"max-video-preview:-1"},"canonical":"https:\/\/vygallery.com\/en\/san-pham\/nguyen-van-dong-2\/","og_locale":"en_US","og_type":"article","og_title":"Childhood - VY GALLERY","og_description":"Stored | Display - VY GALLERY  Oil on canvas  120cm x 90cm  Nguy\u1ec5n V\u0103n \u0110\u00f4ng is known as a portrait and children painter. He has been quite successful in H\u00e0 N\u1ed9i despite only graduating from the University of Fine Arts for a few years.  Choosing oil paint and real-life drawing, Nguy\u1ec5n V\u0103n \u0110\u00f4ng creates works that are highly appreciated. The colors in his paintings are harmonious, tender, close to Vietnamese life, towards the topic of poor workers in society. He depicted a peaceful corner at noon, a piece of a yard the children playing in, or the waiting by the sprawling land under the thunderstorm. He reveals the quiet innocence of the children in an excellent composition. Watching Nguy\u1ec5n V\u0103n \u0110\u00f4ng's paintings, we cannot avoid the feeling of love and empathy. This partly makes the viewer remember an artist who has his unique path.  INQUIRE","og_url":"https:\/\/vygallery.com\/en\/san-pham\/nguyen-van-dong-2\/","og_site_name":"VY GALLERY","article_modified_time":"2023-03-16T04:04:39+00:00","og_image":[{"width":2560,"height":1930,"url":"https:\/\/vygallery.com\/wp-content\/uploads\/2020\/10\/nguyenvandong-2016.005-scaled.jpg","type":"image\/jpeg"}],"twitter_card":"summary_large_image","schema":{"@context":"https:\/\/schema.org","@graph":[{"@type":"WebPage","@id":"https:\/\/vygallery.com\/en\/san-pham\/nguyen-van-dong-2\/","url":"https:\/\/vygallery.com\/en\/san-pham\/nguyen-van-dong-2\/","name":"Childhood - VY GALLERY","isPartOf":{"@id":"https:\/\/vygallery.com\/#website"},"datePublished":"2021-08-04T15:21:55+00:00","dateModified":"2023-03-16T04:04:39+00:00","breadcrumb":{"@id":"https:\/\/vygallery.com\/en\/san-pham\/nguyen-van-dong-2\/#breadcrumb"},"inLanguage":"en-US","potentialAction":[{"@type":"ReadAction","target":["https:\/\/vygallery.com\/en\/san-pham\/nguyen-van-dong-2\/"]}]},{"@type":"BreadcrumbList","@id":"https:\/\/vygallery.com\/en\/san-pham\/nguyen-van-dong-2\/#breadcrumb","itemListElement":[{"@type":"ListItem","position":1,"name":"Trang ch\u1ee7","item":"https:\/\/vygallery.com\/en\/"},{"@type":"ListItem","position":2,"name":"C\u1eeda h\u00e0ng","item":"https:\/\/vygallery.com\/cua-hang\/"},{"@type":"ListItem","position":3,"name":"Childhood"}]},{"@type":"WebSite","@id":"https:\/\/vygallery.com\/#website","url":"https:\/\/vygallery.com\/","name":"VY GALLERY","description":"","publisher":{"@id":"https:\/\/vygallery.com\/#organization"},"potentialAction":[{"@type":"SearchAction","target":{"@type":"EntryPoint","urlTemplate":"https:\/\/vygallery.com\/?s={search_term_string}"},"query-input":"required name=search_term_string"}],"inLanguage":"en-US"},{"@type":"Organization","@id":"https:\/\/vygallery.com\/#organization","name":"VY GALLERY","url":"https:\/\/vygallery.com\/","logo":{"@type":"ImageObject","inLanguage":"en-US","@id":"https:\/\/vygallery.com\/#\/schema\/logo\/image\/","url":"https:\/\/vygallery.com\/wp-content\/uploads\/2020\/10\/VY-05.png","contentUrl":"https:\/\/vygallery.com\/wp-content\/uploads\/2020\/10\/VY-05.png","width":6742,"height":730,"caption":"VY GALLERY"},"image":{"@id":"https:\/\/vygallery.com\/#\/schema\/logo\/image\/"}}]}},"_links":{"self":[{"href":"https:\/\/vygallery.com\/en\/wp-json\/wp\/v2\/product\/1204"}],"collection":[{"href":"https:\/\/vygallery.com\/en\/wp-json\/wp\/v2\/product"}],"about":[{"href":"https:\/\/vygallery.com\/en\/wp-json\/wp\/v2\/types\/product"}],"replies":[{"embeddable":true,"href":"https:\/\/vygallery.com\/en\/wp-json\/wp\/v2\/comments?post=1204"}],"wp:featuredmedia":[{"embeddable":true,"href":"https:\/\/vygallery.com\/en\/wp-json\/wp\/v2\/media\/347"}],"wp:attachment":[{"href":"https:\/\/vygallery.com\/en\/wp-json\/wp\/v2\/media?parent=1204"}],"wp:term":[{"taxonomy":"product_cat","embeddable":true,"href":"https:\/\/vygallery.com\/en\/wp-json\/wp\/v2\/product_cat?post=1204"},{"taxonomy":"product_tag","embeddable":true,"href":"https:\/\/vygallery.com\/en\/wp-json\/wp\/v2\/product_tag?post=1204"}],"curies":[{"name":"wp","href":"https:\/\/api.w.org\/{rel}","templated":true}]}}