{"id":1258,"date":"2021-08-05T00:17:08","date_gmt":"2021-08-04T17:17:08","guid":{"rendered":"https:\/\/vygallery.com\/?post_type=product&#038;p=1258"},"modified":"2023-10-17T12:22:44","modified_gmt":"2023-10-17T05:22:44","slug":"miss-nha-trang","status":"publish","type":"product","link":"https:\/\/vygallery.com\/en\/san-pham\/miss-nha-trang\/","title":{"rendered":"Memory of Nha Trang"},"content":{"rendered":"","protected":false},"excerpt":{"rendered":"<p><b>Stored | Display <\/b>&#8211; VY GALLERY<\/p>\n<p>Oil on canvas<\/p>\n<p>64cm x 80cm<!--more--><\/p>\n<p>Through oil painting, Nguy\u1ec5n \u0110\u0103ng Kho\u00e1t once again shows viewers his lyrical and rustic quality when expressing Nha Trang&#8217;s landscape with his nostalgia. Not too picky about technique, his paintings in general always create a feeling of sincerity. Whether painting scenes or people, the artist still succeeds in portraying the nation&#8217;s spirit flowing in his heart.<!--more--><\/p>\n<p><a href=\"https:\/\/vygallery.com\/en\/contact\/\" target=\"_blank\" rel=\"noopener\"><strong>INQUIRE<\/strong><\/a><\/p>\n","protected":false},"featured_media":3866,"comment_status":"open","ping_status":"closed","template":"","meta":[],"product_cat":[86,56],"product_tag":[81],"yoast_head":"<!-- This site is optimized with the Yoast SEO plugin v19.10 - https:\/\/yoast.com\/wordpress\/plugins\/seo\/ -->\n<title>Memory of Nha Trang - VY GALLERY<\/title>\n<meta name=\"robots\" content=\"index, follow, max-snippet:-1, max-image-preview:large, max-video-preview:-1\" \/>\n<link rel=\"canonical\" href=\"https:\/\/vygallery.com\/en\/san-pham\/miss-nha-trang\/\" \/>\n<meta property=\"og:locale\" content=\"en_US\" \/>\n<meta property=\"og:type\" content=\"article\" \/>\n<meta property=\"og:title\" content=\"Memory of Nha Trang - VY GALLERY\" \/>\n<meta property=\"og:description\" content=\"Stored | Display - VY GALLERY  Oil on canvas  64cm x 80cm  Through oil painting, Nguy\u1ec5n \u0110\u0103ng Kho\u00e1t once again shows viewers his lyrical and rustic quality when expressing Nha Trang&#039;s landscape with his nostalgia. Not too picky about technique, his paintings in general always create a feeling of sincerity. Whether painting scenes or people, the artist still succeeds in portraying the nation&#039;s spirit flowing in his heart.  INQUIRE\" \/>\n<meta property=\"og:url\" content=\"https:\/\/vygallery.com\/en\/san-pham\/miss-nha-trang\/\" \/>\n<meta property=\"og:site_name\" content=\"VY GALLERY\" \/>\n<meta property=\"article:modified_time\" content=\"2023-10-17T05:22:44+00:00\" \/>\n<meta property=\"og:image\" content=\"https:\/\/vygallery.com\/wp-content\/uploads\/2020\/10\/nguyendangkhoat-2016.003-Copy.jpg\" \/>\n\t<meta property=\"og:image:width\" content=\"1200\" \/>\n\t<meta property=\"og:image:height\" content=\"901\" \/>\n\t<meta property=\"og:image:type\" content=\"image\/jpeg\" \/>\n<meta name=\"twitter:card\" content=\"summary_large_image\" \/>\n<script type=\"application\/ld+json\" class=\"yoast-schema-graph\">{\"@context\":\"https:\/\/schema.org\",\"@graph\":[{\"@type\":\"WebPage\",\"@id\":\"https:\/\/vygallery.com\/en\/san-pham\/miss-nha-trang\/\",\"url\":\"https:\/\/vygallery.com\/en\/san-pham\/miss-nha-trang\/\",\"name\":\"Memory of Nha Trang - VY GALLERY\",\"isPartOf\":{\"@id\":\"https:\/\/vygallery.com\/#website\"},\"datePublished\":\"2021-08-04T17:17:08+00:00\",\"dateModified\":\"2023-10-17T05:22:44+00:00\",\"breadcrumb\":{\"@id\":\"https:\/\/vygallery.com\/en\/san-pham\/miss-nha-trang\/#breadcrumb\"},\"inLanguage\":\"en-US\",\"potentialAction\":[{\"@type\":\"ReadAction\",\"target\":[\"https:\/\/vygallery.com\/en\/san-pham\/miss-nha-trang\/\"]}]},{\"@type\":\"BreadcrumbList\",\"@id\":\"https:\/\/vygallery.com\/en\/san-pham\/miss-nha-trang\/#breadcrumb\",\"itemListElement\":[{\"@type\":\"ListItem\",\"position\":1,\"name\":\"Trang ch\u1ee7\",\"item\":\"https:\/\/vygallery.com\/en\/\"},{\"@type\":\"ListItem\",\"position\":2,\"name\":\"C\u1eeda h\u00e0ng\",\"item\":\"https:\/\/vygallery.com\/cua-hang\/\"},{\"@type\":\"ListItem\",\"position\":3,\"name\":\"Memory of Nha Trang\"}]},{\"@type\":\"WebSite\",\"@id\":\"https:\/\/vygallery.com\/#website\",\"url\":\"https:\/\/vygallery.com\/\",\"name\":\"VY GALLERY\",\"description\":\"\",\"publisher\":{\"@id\":\"https:\/\/vygallery.com\/#organization\"},\"potentialAction\":[{\"@type\":\"SearchAction\",\"target\":{\"@type\":\"EntryPoint\",\"urlTemplate\":\"https:\/\/vygallery.com\/?s={search_term_string}\"},\"query-input\":\"required name=search_term_string\"}],\"inLanguage\":\"en-US\"},{\"@type\":\"Organization\",\"@id\":\"https:\/\/vygallery.com\/#organization\",\"name\":\"VY GALLERY\",\"url\":\"https:\/\/vygallery.com\/\",\"logo\":{\"@type\":\"ImageObject\",\"inLanguage\":\"en-US\",\"@id\":\"https:\/\/vygallery.com\/#\/schema\/logo\/image\/\",\"url\":\"https:\/\/vygallery.com\/wp-content\/uploads\/2020\/10\/VY-05.png\",\"contentUrl\":\"https:\/\/vygallery.com\/wp-content\/uploads\/2020\/10\/VY-05.png\",\"width\":6742,\"height\":730,\"caption\":\"VY GALLERY\"},\"image\":{\"@id\":\"https:\/\/vygallery.com\/#\/schema\/logo\/image\/\"}}]}<\/script>\n<!-- \/ Yoast SEO plugin. -->","yoast_head_json":{"title":"Memory of Nha Trang - VY GALLERY","robots":{"index":"index","follow":"follow","max-snippet":"max-snippet:-1","max-image-preview":"max-image-preview:large","max-video-preview":"max-video-preview:-1"},"canonical":"https:\/\/vygallery.com\/en\/san-pham\/miss-nha-trang\/","og_locale":"en_US","og_type":"article","og_title":"Memory of Nha Trang - VY GALLERY","og_description":"Stored | Display - VY GALLERY  Oil on canvas  64cm x 80cm  Through oil painting, Nguy\u1ec5n \u0110\u0103ng Kho\u00e1t once again shows viewers his lyrical and rustic quality when expressing Nha Trang's landscape with his nostalgia. Not too picky about technique, his paintings in general always create a feeling of sincerity. Whether painting scenes or people, the artist still succeeds in portraying the nation's spirit flowing in his heart.  INQUIRE","og_url":"https:\/\/vygallery.com\/en\/san-pham\/miss-nha-trang\/","og_site_name":"VY GALLERY","article_modified_time":"2023-10-17T05:22:44+00:00","og_image":[{"width":1200,"height":901,"url":"https:\/\/vygallery.com\/wp-content\/uploads\/2020\/10\/nguyendangkhoat-2016.003-Copy.jpg","type":"image\/jpeg"}],"twitter_card":"summary_large_image","schema":{"@context":"https:\/\/schema.org","@graph":[{"@type":"WebPage","@id":"https:\/\/vygallery.com\/en\/san-pham\/miss-nha-trang\/","url":"https:\/\/vygallery.com\/en\/san-pham\/miss-nha-trang\/","name":"Memory of Nha Trang - VY GALLERY","isPartOf":{"@id":"https:\/\/vygallery.com\/#website"},"datePublished":"2021-08-04T17:17:08+00:00","dateModified":"2023-10-17T05:22:44+00:00","breadcrumb":{"@id":"https:\/\/vygallery.com\/en\/san-pham\/miss-nha-trang\/#breadcrumb"},"inLanguage":"en-US","potentialAction":[{"@type":"ReadAction","target":["https:\/\/vygallery.com\/en\/san-pham\/miss-nha-trang\/"]}]},{"@type":"BreadcrumbList","@id":"https:\/\/vygallery.com\/en\/san-pham\/miss-nha-trang\/#breadcrumb","itemListElement":[{"@type":"ListItem","position":1,"name":"Trang ch\u1ee7","item":"https:\/\/vygallery.com\/en\/"},{"@type":"ListItem","position":2,"name":"C\u1eeda h\u00e0ng","item":"https:\/\/vygallery.com\/cua-hang\/"},{"@type":"ListItem","position":3,"name":"Memory of Nha Trang"}]},{"@type":"WebSite","@id":"https:\/\/vygallery.com\/#website","url":"https:\/\/vygallery.com\/","name":"VY GALLERY","description":"","publisher":{"@id":"https:\/\/vygallery.com\/#organization"},"potentialAction":[{"@type":"SearchAction","target":{"@type":"EntryPoint","urlTemplate":"https:\/\/vygallery.com\/?s={search_term_string}"},"query-input":"required name=search_term_string"}],"inLanguage":"en-US"},{"@type":"Organization","@id":"https:\/\/vygallery.com\/#organization","name":"VY GALLERY","url":"https:\/\/vygallery.com\/","logo":{"@type":"ImageObject","inLanguage":"en-US","@id":"https:\/\/vygallery.com\/#\/schema\/logo\/image\/","url":"https:\/\/vygallery.com\/wp-content\/uploads\/2020\/10\/VY-05.png","contentUrl":"https:\/\/vygallery.com\/wp-content\/uploads\/2020\/10\/VY-05.png","width":6742,"height":730,"caption":"VY GALLERY"},"image":{"@id":"https:\/\/vygallery.com\/#\/schema\/logo\/image\/"}}]}},"_links":{"self":[{"href":"https:\/\/vygallery.com\/en\/wp-json\/wp\/v2\/product\/1258"}],"collection":[{"href":"https:\/\/vygallery.com\/en\/wp-json\/wp\/v2\/product"}],"about":[{"href":"https:\/\/vygallery.com\/en\/wp-json\/wp\/v2\/types\/product"}],"replies":[{"embeddable":true,"href":"https:\/\/vygallery.com\/en\/wp-json\/wp\/v2\/comments?post=1258"}],"wp:featuredmedia":[{"embeddable":true,"href":"https:\/\/vygallery.com\/en\/wp-json\/wp\/v2\/media\/3866"}],"wp:attachment":[{"href":"https:\/\/vygallery.com\/en\/wp-json\/wp\/v2\/media?parent=1258"}],"wp:term":[{"taxonomy":"product_cat","embeddable":true,"href":"https:\/\/vygallery.com\/en\/wp-json\/wp\/v2\/product_cat?post=1258"},{"taxonomy":"product_tag","embeddable":true,"href":"https:\/\/vygallery.com\/en\/wp-json\/wp\/v2\/product_tag?post=1258"}],"curies":[{"name":"wp","href":"https:\/\/api.w.org\/{rel}","templated":true}]}}