{"id":1277,"date":"2021-08-05T00:31:46","date_gmt":"2021-08-04T17:31:46","guid":{"rendered":"https:\/\/vygallery.com\/?post_type=product&#038;p=1277"},"modified":"2023-10-17T12:25:23","modified_gmt":"2023-10-17T05:25:23","slug":"nguyen-dang-khoat","status":"publish","type":"product","link":"https:\/\/vygallery.com\/en\/san-pham\/nguyen-dang-khoat\/","title":{"rendered":"Minority beauty"},"content":{"rendered":"","protected":false},"excerpt":{"rendered":"<p><b>Stored | Display <\/b>&#8211; VY GALLERY<\/p>\n<p>Water color on silk<\/p>\n<p>80cm x 100cm<!--more--><\/p>\n<p>The painting portrays the lives of skillful, hard-working women among the mountains and forests. A Th\u00e1i woman in the painting by painter Nguy\u1ec5n \u0110\u0103ng Kho\u00e1t with a poetic expression in the silk layout frame, blurred and gentle on the material, is depicted as having a unique quality of Vietnamese women.<\/p>\n<p>Painter Nguy\u1ec5n \u0110\u0103ng Kho\u00e1t and his silk paintings often participate in many Ho Chi Minh City Fine Arts Association Exhibitions. Nguy\u1ec5n \u0110\u0103ng Kho\u00e1t&#8217;s paintings are famous for their softness, ethnicity, and condensed composition. In addition to actively participating in annual exhibitions at the Ho Chi Minh City Fine Arts Association, he has also won many awards for fine arts in the country.<!--more--><a href=\"https:\/\/vygallery.com\/en\/contact\/\" target=\"_blank\" rel=\"noopener\"><strong>INQUIRE<\/strong><\/a><\/p>\n","protected":false},"featured_media":3867,"comment_status":"open","ping_status":"closed","template":"","meta":[],"product_cat":[86,56],"product_tag":[81],"yoast_head":"<!-- This site is optimized with the Yoast SEO plugin v19.10 - https:\/\/yoast.com\/wordpress\/plugins\/seo\/ -->\n<title>Minority beauty - VY GALLERY<\/title>\n<meta name=\"robots\" content=\"index, follow, max-snippet:-1, max-image-preview:large, max-video-preview:-1\" \/>\n<link rel=\"canonical\" href=\"https:\/\/vygallery.com\/en\/san-pham\/nguyen-dang-khoat\/\" \/>\n<meta property=\"og:locale\" content=\"en_US\" \/>\n<meta property=\"og:type\" content=\"article\" \/>\n<meta property=\"og:title\" content=\"Minority beauty - VY GALLERY\" \/>\n<meta property=\"og:description\" content=\"Stored | Display - VY GALLERY  Water color on silk  80cm x 100cm  The painting portrays the lives of skillful, hard-working women among the mountains and forests. A Th\u00e1i woman in the painting by painter Nguy\u1ec5n \u0110\u0103ng Kho\u00e1t with a poetic expression in the silk layout frame, blurred and gentle on the material, is depicted as having a unique quality of Vietnamese women.  Painter Nguy\u1ec5n \u0110\u0103ng Kho\u00e1t and his silk paintings often participate in many Ho Chi Minh City Fine Arts Association Exhibitions. Nguy\u1ec5n \u0110\u0103ng Kho\u00e1t&#039;s paintings are famous for their softness, ethnicity, and condensed composition. In addition to actively participating in annual exhibitions at the Ho Chi Minh City Fine Arts Association, he has also won many awards for fine arts in the country.INQUIRE\" \/>\n<meta property=\"og:url\" content=\"https:\/\/vygallery.com\/en\/san-pham\/nguyen-dang-khoat\/\" \/>\n<meta property=\"og:site_name\" content=\"VY GALLERY\" \/>\n<meta property=\"article:modified_time\" content=\"2023-10-17T05:25:23+00:00\" \/>\n<meta property=\"og:image\" content=\"https:\/\/vygallery.com\/wp-content\/uploads\/2020\/10\/nguyendangkhoat-2016.001-Copy.jpg\" \/>\n\t<meta property=\"og:image:width\" content=\"1154\" \/>\n\t<meta property=\"og:image:height\" content=\"1440\" \/>\n\t<meta property=\"og:image:type\" content=\"image\/jpeg\" \/>\n<meta name=\"twitter:card\" content=\"summary_large_image\" \/>\n<script type=\"application\/ld+json\" class=\"yoast-schema-graph\">{\"@context\":\"https:\/\/schema.org\",\"@graph\":[{\"@type\":\"WebPage\",\"@id\":\"https:\/\/vygallery.com\/en\/san-pham\/nguyen-dang-khoat\/\",\"url\":\"https:\/\/vygallery.com\/en\/san-pham\/nguyen-dang-khoat\/\",\"name\":\"Minority beauty - VY GALLERY\",\"isPartOf\":{\"@id\":\"https:\/\/vygallery.com\/#website\"},\"datePublished\":\"2021-08-04T17:31:46+00:00\",\"dateModified\":\"2023-10-17T05:25:23+00:00\",\"breadcrumb\":{\"@id\":\"https:\/\/vygallery.com\/en\/san-pham\/nguyen-dang-khoat\/#breadcrumb\"},\"inLanguage\":\"en-US\",\"potentialAction\":[{\"@type\":\"ReadAction\",\"target\":[\"https:\/\/vygallery.com\/en\/san-pham\/nguyen-dang-khoat\/\"]}]},{\"@type\":\"BreadcrumbList\",\"@id\":\"https:\/\/vygallery.com\/en\/san-pham\/nguyen-dang-khoat\/#breadcrumb\",\"itemListElement\":[{\"@type\":\"ListItem\",\"position\":1,\"name\":\"Trang ch\u1ee7\",\"item\":\"https:\/\/vygallery.com\/en\/\"},{\"@type\":\"ListItem\",\"position\":2,\"name\":\"C\u1eeda h\u00e0ng\",\"item\":\"https:\/\/vygallery.com\/cua-hang\/\"},{\"@type\":\"ListItem\",\"position\":3,\"name\":\"Minority beauty\"}]},{\"@type\":\"WebSite\",\"@id\":\"https:\/\/vygallery.com\/#website\",\"url\":\"https:\/\/vygallery.com\/\",\"name\":\"VY GALLERY\",\"description\":\"\",\"publisher\":{\"@id\":\"https:\/\/vygallery.com\/#organization\"},\"potentialAction\":[{\"@type\":\"SearchAction\",\"target\":{\"@type\":\"EntryPoint\",\"urlTemplate\":\"https:\/\/vygallery.com\/?s={search_term_string}\"},\"query-input\":\"required name=search_term_string\"}],\"inLanguage\":\"en-US\"},{\"@type\":\"Organization\",\"@id\":\"https:\/\/vygallery.com\/#organization\",\"name\":\"VY GALLERY\",\"url\":\"https:\/\/vygallery.com\/\",\"logo\":{\"@type\":\"ImageObject\",\"inLanguage\":\"en-US\",\"@id\":\"https:\/\/vygallery.com\/#\/schema\/logo\/image\/\",\"url\":\"https:\/\/vygallery.com\/wp-content\/uploads\/2020\/10\/VY-05.png\",\"contentUrl\":\"https:\/\/vygallery.com\/wp-content\/uploads\/2020\/10\/VY-05.png\",\"width\":6742,\"height\":730,\"caption\":\"VY GALLERY\"},\"image\":{\"@id\":\"https:\/\/vygallery.com\/#\/schema\/logo\/image\/\"}}]}<\/script>\n<!-- \/ Yoast SEO plugin. -->","yoast_head_json":{"title":"Minority beauty - VY GALLERY","robots":{"index":"index","follow":"follow","max-snippet":"max-snippet:-1","max-image-preview":"max-image-preview:large","max-video-preview":"max-video-preview:-1"},"canonical":"https:\/\/vygallery.com\/en\/san-pham\/nguyen-dang-khoat\/","og_locale":"en_US","og_type":"article","og_title":"Minority beauty - VY GALLERY","og_description":"Stored | Display - VY GALLERY  Water color on silk  80cm x 100cm  The painting portrays the lives of skillful, hard-working women among the mountains and forests. A Th\u00e1i woman in the painting by painter Nguy\u1ec5n \u0110\u0103ng Kho\u00e1t with a poetic expression in the silk layout frame, blurred and gentle on the material, is depicted as having a unique quality of Vietnamese women.  Painter Nguy\u1ec5n \u0110\u0103ng Kho\u00e1t and his silk paintings often participate in many Ho Chi Minh City Fine Arts Association Exhibitions. Nguy\u1ec5n \u0110\u0103ng Kho\u00e1t's paintings are famous for their softness, ethnicity, and condensed composition. In addition to actively participating in annual exhibitions at the Ho Chi Minh City Fine Arts Association, he has also won many awards for fine arts in the country.INQUIRE","og_url":"https:\/\/vygallery.com\/en\/san-pham\/nguyen-dang-khoat\/","og_site_name":"VY GALLERY","article_modified_time":"2023-10-17T05:25:23+00:00","og_image":[{"width":1154,"height":1440,"url":"https:\/\/vygallery.com\/wp-content\/uploads\/2020\/10\/nguyendangkhoat-2016.001-Copy.jpg","type":"image\/jpeg"}],"twitter_card":"summary_large_image","schema":{"@context":"https:\/\/schema.org","@graph":[{"@type":"WebPage","@id":"https:\/\/vygallery.com\/en\/san-pham\/nguyen-dang-khoat\/","url":"https:\/\/vygallery.com\/en\/san-pham\/nguyen-dang-khoat\/","name":"Minority beauty - VY GALLERY","isPartOf":{"@id":"https:\/\/vygallery.com\/#website"},"datePublished":"2021-08-04T17:31:46+00:00","dateModified":"2023-10-17T05:25:23+00:00","breadcrumb":{"@id":"https:\/\/vygallery.com\/en\/san-pham\/nguyen-dang-khoat\/#breadcrumb"},"inLanguage":"en-US","potentialAction":[{"@type":"ReadAction","target":["https:\/\/vygallery.com\/en\/san-pham\/nguyen-dang-khoat\/"]}]},{"@type":"BreadcrumbList","@id":"https:\/\/vygallery.com\/en\/san-pham\/nguyen-dang-khoat\/#breadcrumb","itemListElement":[{"@type":"ListItem","position":1,"name":"Trang ch\u1ee7","item":"https:\/\/vygallery.com\/en\/"},{"@type":"ListItem","position":2,"name":"C\u1eeda h\u00e0ng","item":"https:\/\/vygallery.com\/cua-hang\/"},{"@type":"ListItem","position":3,"name":"Minority beauty"}]},{"@type":"WebSite","@id":"https:\/\/vygallery.com\/#website","url":"https:\/\/vygallery.com\/","name":"VY GALLERY","description":"","publisher":{"@id":"https:\/\/vygallery.com\/#organization"},"potentialAction":[{"@type":"SearchAction","target":{"@type":"EntryPoint","urlTemplate":"https:\/\/vygallery.com\/?s={search_term_string}"},"query-input":"required name=search_term_string"}],"inLanguage":"en-US"},{"@type":"Organization","@id":"https:\/\/vygallery.com\/#organization","name":"VY GALLERY","url":"https:\/\/vygallery.com\/","logo":{"@type":"ImageObject","inLanguage":"en-US","@id":"https:\/\/vygallery.com\/#\/schema\/logo\/image\/","url":"https:\/\/vygallery.com\/wp-content\/uploads\/2020\/10\/VY-05.png","contentUrl":"https:\/\/vygallery.com\/wp-content\/uploads\/2020\/10\/VY-05.png","width":6742,"height":730,"caption":"VY GALLERY"},"image":{"@id":"https:\/\/vygallery.com\/#\/schema\/logo\/image\/"}}]}},"_links":{"self":[{"href":"https:\/\/vygallery.com\/en\/wp-json\/wp\/v2\/product\/1277"}],"collection":[{"href":"https:\/\/vygallery.com\/en\/wp-json\/wp\/v2\/product"}],"about":[{"href":"https:\/\/vygallery.com\/en\/wp-json\/wp\/v2\/types\/product"}],"replies":[{"embeddable":true,"href":"https:\/\/vygallery.com\/en\/wp-json\/wp\/v2\/comments?post=1277"}],"wp:featuredmedia":[{"embeddable":true,"href":"https:\/\/vygallery.com\/en\/wp-json\/wp\/v2\/media\/3867"}],"wp:attachment":[{"href":"https:\/\/vygallery.com\/en\/wp-json\/wp\/v2\/media?parent=1277"}],"wp:term":[{"taxonomy":"product_cat","embeddable":true,"href":"https:\/\/vygallery.com\/en\/wp-json\/wp\/v2\/product_cat?post=1277"},{"taxonomy":"product_tag","embeddable":true,"href":"https:\/\/vygallery.com\/en\/wp-json\/wp\/v2\/product_tag?post=1277"}],"curies":[{"name":"wp","href":"https:\/\/api.w.org\/{rel}","templated":true}]}}